{"id":2229,"date":"2024-10-21T18:20:04","date_gmt":"2024-10-21T17:20:04","guid":{"rendered":"https:\/\/frenchtouchdreamin.com\/?page_id=2229"},"modified":"2024-10-21T18:20:04","modified_gmt":"2024-10-21T17:20:04","slug":"speakersftd24","status":"publish","type":"page","link":"http:\/\/frenchtouchdreamin.com\/index.php\/speakersftd24\/","title":{"rendered":"SpeakersFTD24"},"content":{"rendered":"<h2>Check below our amazing speakers!<\/h2>\n<div class=\"speakers\">\n<div class=\"hidden-button\">\n        <!-- SPEAKERS -->\r\n<div id=\"tile_speakers\" class=\"container widget\">\r\n\t<h2>Keynote speakers<\/h2>\r\n\t\t\t<a href=\"http:\/\/frenchtouchdreamin.com\/index.php\/speakers\/\" class=\"btn btn-primary btn-header pull-right hidden-xs\">See All #FTD24 Speakers<\/a>\r\n\t\t<h3><\/h3>\r\n\t<div class=\"speakers carousel slide\" data-ride=\"carousel\" data-interval=\"false\" id=\"speakers-carousel\">\r\n\t\t<!-- Indicators -->\r\n\t\t<ol class=\"carousel-indicators\">\r\n\t\t\t\t\t\t\t<li data-target=\"#speakers-carousel\" data-slide-to=\"0\" class=\"active\"><\/li>\r\n\t\t\t\t\t\t<\/ol>\r\n\t\t<div class=\"carousel-inner\">\r\n\t\t\t\t\t<\/div>\r\n\t<\/div>\r\n\t\t\t<div class=\"text-center visible-xs\">\r\n\t\t\t<a href=\"http:\/\/frenchtouchdreamin.com\/index.php\/speakers\/\" class=\"btn btn-primary btn-header\">See All #FTD24 Speakers<\/a>\r\n\t\t<\/div>\r\n\t<\/div>\n    <\/div>\n<div class=\"hidden-button\">\n       <!-- SPEAKERS -->\r\n<div id=\"tile_speakers\" class=\"container widget\">\r\n\t<h2>Our Amazing Speaker<\/h2>\r\n\t\t\t<a href=\"http:\/\/frenchtouchdreamin.com\/index.php\/speakers\/\" class=\"btn btn-primary btn-header pull-right hidden-xs\">SpeakersFTD24<\/a>\r\n\t\t<h3>Developpers<\/h3>\r\n\t<div class=\"speakers carousel slide\" data-ride=\"carousel\" data-interval=\"false\" id=\"speakers-carousel\">\r\n\t\t<!-- Indicators -->\r\n\t\t<ol class=\"carousel-indicators\">\r\n\t\t\t\t\t<\/ol>\r\n\t\t<div class=\"carousel-inner\">\r\n\t\t\t\t\t\t\t<div class=\"item active\">\r\n\t\t\t\t\t\t\t\t\t\t\t<div class=\"speaker\">\r\n\t\t\t\t\t\t\t<a class=\"speaker-inner\" href=\"http:\/\/frenchtouchdreamin.com\/index.php\/speakers\/thierry-trouin\/\">\r\n\t\t\t\t\t\t\t\t<span class=\"photo\">\r\n\t\t\t\t\t\t\t\t\t<img width=\"212\" height=\"212\" src=\"http:\/\/frenchtouchdreamin.com\/wp-content\/uploads\/2019\/08\/TTR-2021-06-163x212-2-212x212.jpg\" class=\"attachment-tyler-speaker size-tyler-speaker wp-post-image\" alt=\"\" loading=\"lazy\" srcset=\"http:\/\/frenchtouchdreamin.com\/wp-content\/uploads\/2019\/08\/TTR-2021-06-163x212-2-212x212.jpg 212w, http:\/\/frenchtouchdreamin.com\/wp-content\/uploads\/2019\/08\/TTR-2021-06-163x212-2-300x300.jpg 300w, http:\/\/frenchtouchdreamin.com\/wp-content\/uploads\/2019\/08\/TTR-2021-06-163x212-2-150x150.jpg 150w, http:\/\/frenchtouchdreamin.com\/wp-content\/uploads\/2019\/08\/TTR-2021-06-163x212-2-245x245.jpg 245w, http:\/\/frenchtouchdreamin.com\/wp-content\/uploads\/2019\/08\/TTR-2021-06-163x212-2-236x236.jpg 236w, http:\/\/frenchtouchdreamin.com\/wp-content\/uploads\/2019\/08\/TTR-2021-06-163x212-2-188x188.jpg 188w, http:\/\/frenchtouchdreamin.com\/wp-content\/uploads\/2019\/08\/TTR-2021-06-163x212-2-428x428.jpg 428w, http:\/\/frenchtouchdreamin.com\/wp-content\/uploads\/2019\/08\/TTR-2021-06-163x212-2-389x389.jpg 389w, http:\/\/frenchtouchdreamin.com\/wp-content\/uploads\/2019\/08\/TTR-2021-06-163x212-2.jpg 500w\" sizes=\"(max-width: 212px) 100vw, 212px\" \/>\t\t\t\t\t\t\t\t<\/span>\r\n\t\t\t\t\t\t\t\t<span class=\"name\"><span class=\"text-fit\">Thierry Trouin<\/span><\/span>\r\n\t\t\t\t\t\t\t\t<span class=\"description\">Toulouse Salesforce User Group Leader | MVP<\/span>\r\n\t\t\t\t\t\t\t\t<span class=\"view\">\r\n\t\t\t\t\t\t\t\t\tView profiles <i class=\"icon-angle-right\"><\/i>\r\n\t\t\t\t\t\t\t\t<\/span>\r\n\t\t\t\t\t\t\t<\/a>\r\n\t\t\t\t\t\t<\/div>\r\n\t\t\t\t\t\t\t\t\t\t\t<div class=\"speaker\">\r\n\t\t\t\t\t\t\t<a class=\"speaker-inner\" href=\"http:\/\/frenchtouchdreamin.com\/index.php\/speakers\/fabien-taillon\/\">\r\n\t\t\t\t\t\t\t\t<span class=\"photo\">\r\n\t\t\t\t\t\t\t\t\t<img width=\"212\" height=\"212\" src=\"http:\/\/frenchtouchdreamin.com\/wp-content\/uploads\/2022\/09\/Photo-212x212.jpeg\" class=\"attachment-tyler-speaker size-tyler-speaker wp-post-image\" alt=\"\" loading=\"lazy\" srcset=\"http:\/\/frenchtouchdreamin.com\/wp-content\/uploads\/2022\/09\/Photo-212x212.jpeg 212w, http:\/\/frenchtouchdreamin.com\/wp-content\/uploads\/2022\/09\/Photo-300x300.jpeg 300w, http:\/\/frenchtouchdreamin.com\/wp-content\/uploads\/2022\/09\/Photo-1024x1024.jpeg 1024w, http:\/\/frenchtouchdreamin.com\/wp-content\/uploads\/2022\/09\/Photo-150x150.jpeg 150w, http:\/\/frenchtouchdreamin.com\/wp-content\/uploads\/2022\/09\/Photo-768x768.jpeg 768w, http:\/\/frenchtouchdreamin.com\/wp-content\/uploads\/2022\/09\/Photo-245x245.jpeg 245w, http:\/\/frenchtouchdreamin.com\/wp-content\/uploads\/2022\/09\/Photo-236x236.jpeg 236w, http:\/\/frenchtouchdreamin.com\/wp-content\/uploads\/2022\/09\/Photo-188x188.jpeg 188w, http:\/\/frenchtouchdreamin.com\/wp-content\/uploads\/2022\/09\/Photo-428x428.jpeg 428w, http:\/\/frenchtouchdreamin.com\/wp-content\/uploads\/2022\/09\/Photo-389x389.jpeg 389w, http:\/\/frenchtouchdreamin.com\/wp-content\/uploads\/2022\/09\/Photo.jpeg 1200w\" sizes=\"(max-width: 212px) 100vw, 212px\" \/>\t\t\t\t\t\t\t\t<\/span>\r\n\t\t\t\t\t\t\t\t<span class=\"name\"><span class=\"text-fit\">Fabien TAILLON<\/span><\/span>\r\n\t\t\t\t\t\t\t\t<span class=\"description\">Paris Salesforce Developer Group Leader | MVP<\/span>\r\n\t\t\t\t\t\t\t\t<span class=\"view\">\r\n\t\t\t\t\t\t\t\t\tView profiles <i class=\"icon-angle-right\"><\/i>\r\n\t\t\t\t\t\t\t\t<\/span>\r\n\t\t\t\t\t\t\t<\/a>\r\n\t\t\t\t\t\t<\/div>\r\n\t\t\t\t\t\t\t\t\t\t\t<div class=\"speaker\">\r\n\t\t\t\t\t\t\t<a class=\"speaker-inner\" href=\"http:\/\/frenchtouchdreamin.com\/index.php\/speakers\/jean-michel-mougeolle\/\">\r\n\t\t\t\t\t\t\t\t<span class=\"photo\">\r\n\t\t\t\t\t\t\t\t\t<img width=\"212\" height=\"212\" src=\"http:\/\/frenchtouchdreamin.com\/wp-content\/uploads\/2022\/09\/jean-michel-2-212x212.jpg\" class=\"attachment-tyler-speaker size-tyler-speaker wp-post-image\" alt=\"\" loading=\"lazy\" srcset=\"http:\/\/frenchtouchdreamin.com\/wp-content\/uploads\/2022\/09\/jean-michel-2-212x212.jpg 212w, http:\/\/frenchtouchdreamin.com\/wp-content\/uploads\/2022\/09\/jean-michel-2-300x300.jpg 300w, http:\/\/frenchtouchdreamin.com\/wp-content\/uploads\/2022\/09\/jean-michel-2-150x150.jpg 150w, http:\/\/frenchtouchdreamin.com\/wp-content\/uploads\/2022\/09\/jean-michel-2-245x245.jpg 245w, http:\/\/frenchtouchdreamin.com\/wp-content\/uploads\/2022\/09\/jean-michel-2-236x236.jpg 236w, http:\/\/frenchtouchdreamin.com\/wp-content\/uploads\/2022\/09\/jean-michel-2-188x188.jpg 188w, http:\/\/frenchtouchdreamin.com\/wp-content\/uploads\/2022\/09\/jean-michel-2-428x428.jpg 428w, http:\/\/frenchtouchdreamin.com\/wp-content\/uploads\/2022\/09\/jean-michel-2-389x389.jpg 389w, http:\/\/frenchtouchdreamin.com\/wp-content\/uploads\/2022\/09\/jean-michel-2.jpg 500w\" sizes=\"(max-width: 212px) 100vw, 212px\" \/>\t\t\t\t\t\t\t\t<\/span>\r\n\t\t\t\t\t\t\t\t<span class=\"name\"><span class=\"text-fit\">Jean Michel MOUGEOLLE<\/span><\/span>\r\n\t\t\t\t\t\t\t\t<span class=\"description\">Paris Salesforce Admin Group Leader | MVP<\/span>\r\n\t\t\t\t\t\t\t\t<span class=\"view\">\r\n\t\t\t\t\t\t\t\t\tView profiles <i class=\"icon-angle-right\"><\/i>\r\n\t\t\t\t\t\t\t\t<\/span>\r\n\t\t\t\t\t\t\t<\/a>\r\n\t\t\t\t\t\t<\/div>\r\n\t\t\t\t\t\t\t\t\t<\/div>\r\n\t\t\t\t\t\t\t<div class=\"item\">\r\n\t\t\t\t\t\t\t\t\t\t\t<div class=\"speaker\">\r\n\t\t\t\t\t\t\t<a class=\"speaker-inner\" href=\"http:\/\/frenchtouchdreamin.com\/index.php\/speakers\/yosra-saidani\/\">\r\n\t\t\t\t\t\t\t\t<span class=\"photo\">\r\n\t\t\t\t\t\t\t\t\t<img width=\"212\" height=\"212\" src=\"http:\/\/frenchtouchdreamin.com\/wp-content\/uploads\/2022\/09\/398319917_214787681657059_909580-212x212.jpg\" class=\"attachment-tyler-speaker size-tyler-speaker wp-post-image\" alt=\"\" loading=\"lazy\" srcset=\"http:\/\/frenchtouchdreamin.com\/wp-content\/uploads\/2022\/09\/398319917_214787681657059_909580-212x212.jpg 212w, http:\/\/frenchtouchdreamin.com\/wp-content\/uploads\/2022\/09\/398319917_214787681657059_909580-300x300.jpg 300w, http:\/\/frenchtouchdreamin.com\/wp-content\/uploads\/2022\/09\/398319917_214787681657059_909580-150x150.jpg 150w, http:\/\/frenchtouchdreamin.com\/wp-content\/uploads\/2022\/09\/398319917_214787681657059_909580-245x245.jpg 245w, http:\/\/frenchtouchdreamin.com\/wp-content\/uploads\/2022\/09\/398319917_214787681657059_909580-236x236.jpg 236w, http:\/\/frenchtouchdreamin.com\/wp-content\/uploads\/2022\/09\/398319917_214787681657059_909580-188x188.jpg 188w, http:\/\/frenchtouchdreamin.com\/wp-content\/uploads\/2022\/09\/398319917_214787681657059_909580-428x428.jpg 428w, http:\/\/frenchtouchdreamin.com\/wp-content\/uploads\/2022\/09\/398319917_214787681657059_909580-389x389.jpg 389w, http:\/\/frenchtouchdreamin.com\/wp-content\/uploads\/2022\/09\/398319917_214787681657059_909580.jpg 500w\" sizes=\"(max-width: 212px) 100vw, 212px\" \/>\t\t\t\t\t\t\t\t<\/span>\r\n\t\t\t\t\t\t\t\t<span class=\"name\"><span class=\"text-fit\">Yosra SAIDANI<\/span><\/span>\r\n\t\t\t\t\t\t\t\t<span class=\"description\">Paris Salesforce WIT Group Leader\r\n<\/span>\r\n\t\t\t\t\t\t\t\t<span class=\"view\">\r\n\t\t\t\t\t\t\t\t\tView profiles <i class=\"icon-angle-right\"><\/i>\r\n\t\t\t\t\t\t\t\t<\/span>\r\n\t\t\t\t\t\t\t<\/a>\r\n\t\t\t\t\t\t<\/div>\r\n\t\t\t\t\t\t\t\t\t\t\t<div class=\"speaker\">\r\n\t\t\t\t\t\t\t<a class=\"speaker-inner\" href=\"http:\/\/frenchtouchdreamin.com\/index.php\/speakers\/hugorosario\/\">\r\n\t\t\t\t\t\t\t\t<span class=\"photo\">\r\n\t\t\t\t\t\t\t\t\t<img width=\"212\" height=\"212\" src=\"http:\/\/frenchtouchdreamin.com\/wp-content\/uploads\/2023\/08\/1641568053425-1-212x212.jpg\" class=\"attachment-tyler-speaker size-tyler-speaker wp-post-image\" alt=\"\" loading=\"lazy\" srcset=\"http:\/\/frenchtouchdreamin.com\/wp-content\/uploads\/2023\/08\/1641568053425-1-212x212.jpg 212w, http:\/\/frenchtouchdreamin.com\/wp-content\/uploads\/2023\/08\/1641568053425-1-300x300.jpg 300w, http:\/\/frenchtouchdreamin.com\/wp-content\/uploads\/2023\/08\/1641568053425-1-150x150.jpg 150w, http:\/\/frenchtouchdreamin.com\/wp-content\/uploads\/2023\/08\/1641568053425-1-245x245.jpg 245w, http:\/\/frenchtouchdreamin.com\/wp-content\/uploads\/2023\/08\/1641568053425-1-236x236.jpg 236w, http:\/\/frenchtouchdreamin.com\/wp-content\/uploads\/2023\/08\/1641568053425-1-188x188.jpg 188w, http:\/\/frenchtouchdreamin.com\/wp-content\/uploads\/2023\/08\/1641568053425-1-428x428.jpg 428w, http:\/\/frenchtouchdreamin.com\/wp-content\/uploads\/2023\/08\/1641568053425-1-389x389.jpg 389w, http:\/\/frenchtouchdreamin.com\/wp-content\/uploads\/2023\/08\/1641568053425-1.jpg 500w\" sizes=\"(max-width: 212px) 100vw, 212px\" \/>\t\t\t\t\t\t\t\t<\/span>\r\n\t\t\t\t\t\t\t\t<span class=\"name\"><span class=\"text-fit\">Hugo Ros\u00e1rio<\/span><\/span>\r\n\t\t\t\t\t\t\t\t<span class=\"description\">French Riveira Salesforce User Group Leader<\/span>\r\n\t\t\t\t\t\t\t\t<span class=\"view\">\r\n\t\t\t\t\t\t\t\t\tView profiles <i class=\"icon-angle-right\"><\/i>\r\n\t\t\t\t\t\t\t\t<\/span>\r\n\t\t\t\t\t\t\t<\/a>\r\n\t\t\t\t\t\t<\/div>\r\n\t\t\t\t\t\t\t\t\t\t\t<div class=\"speaker\">\r\n\t\t\t\t\t\t\t<a class=\"speaker-inner\" href=\"http:\/\/frenchtouchdreamin.com\/index.php\/speakers\/william-hyatt\/\">\r\n\t\t\t\t\t\t\t\t<span class=\"photo\">\r\n\t\t\t\t\t\t\t\t\t<img width=\"212\" height=\"212\" src=\"http:\/\/frenchtouchdreamin.com\/wp-content\/uploads\/2024\/11\/1723035941728-1-212x212.jpg\" class=\"attachment-tyler-speaker size-tyler-speaker wp-post-image\" alt=\"\" loading=\"lazy\" srcset=\"http:\/\/frenchtouchdreamin.com\/wp-content\/uploads\/2024\/11\/1723035941728-1-212x212.jpg 212w, http:\/\/frenchtouchdreamin.com\/wp-content\/uploads\/2024\/11\/1723035941728-1-300x300.jpg 300w, http:\/\/frenchtouchdreamin.com\/wp-content\/uploads\/2024\/11\/1723035941728-1-150x150.jpg 150w, http:\/\/frenchtouchdreamin.com\/wp-content\/uploads\/2024\/11\/1723035941728-1-245x245.jpg 245w, http:\/\/frenchtouchdreamin.com\/wp-content\/uploads\/2024\/11\/1723035941728-1-236x236.jpg 236w, http:\/\/frenchtouchdreamin.com\/wp-content\/uploads\/2024\/11\/1723035941728-1-188x188.jpg 188w, http:\/\/frenchtouchdreamin.com\/wp-content\/uploads\/2024\/11\/1723035941728-1-428x428.jpg 428w, http:\/\/frenchtouchdreamin.com\/wp-content\/uploads\/2024\/11\/1723035941728-1-389x389.jpg 389w, http:\/\/frenchtouchdreamin.com\/wp-content\/uploads\/2024\/11\/1723035941728-1.jpg 500w\" sizes=\"(max-width: 212px) 100vw, 212px\" \/>\t\t\t\t\t\t\t\t<\/span>\r\n\t\t\t\t\t\t\t\t<span class=\"name\"><span class=\"text-fit\">William Hyatt<\/span><\/span>\r\n\t\t\t\t\t\t\t\t<span class=\"description\">Global Marketing Manager at SharinPix<\/span>\r\n\t\t\t\t\t\t\t\t<span class=\"view\">\r\n\t\t\t\t\t\t\t\t\tView profiles <i class=\"icon-angle-right\"><\/i>\r\n\t\t\t\t\t\t\t\t<\/span>\r\n\t\t\t\t\t\t\t<\/a>\r\n\t\t\t\t\t\t<\/div>\r\n\t\t\t\t\t\t\t\t\t<\/div>\r\n\t\t\t\t\t\t\t<div class=\"item\">\r\n\t\t\t\t\t\t\t\t\t\t\t<div class=\"speaker\">\r\n\t\t\t\t\t\t\t<a class=\"speaker-inner\" href=\"http:\/\/frenchtouchdreamin.com\/index.php\/speakers\/todd-halfpenny\/\">\r\n\t\t\t\t\t\t\t\t<span class=\"photo\">\r\n\t\t\t\t\t\t\t\t\t<img width=\"212\" height=\"212\" src=\"http:\/\/frenchtouchdreamin.com\/wp-content\/uploads\/2025\/10\/Todd-Halfpenny-212x212.jpg\" class=\"attachment-tyler-speaker size-tyler-speaker wp-post-image\" alt=\"\" loading=\"lazy\" srcset=\"http:\/\/frenchtouchdreamin.com\/wp-content\/uploads\/2025\/10\/Todd-Halfpenny-212x212.jpg 212w, http:\/\/frenchtouchdreamin.com\/wp-content\/uploads\/2025\/10\/Todd-Halfpenny-300x300.jpg 300w, http:\/\/frenchtouchdreamin.com\/wp-content\/uploads\/2025\/10\/Todd-Halfpenny-150x150.jpg 150w, http:\/\/frenchtouchdreamin.com\/wp-content\/uploads\/2025\/10\/Todd-Halfpenny-768x768.jpg 768w, http:\/\/frenchtouchdreamin.com\/wp-content\/uploads\/2025\/10\/Todd-Halfpenny-245x245.jpg 245w, http:\/\/frenchtouchdreamin.com\/wp-content\/uploads\/2025\/10\/Todd-Halfpenny-236x236.jpg 236w, http:\/\/frenchtouchdreamin.com\/wp-content\/uploads\/2025\/10\/Todd-Halfpenny-188x188.jpg 188w, http:\/\/frenchtouchdreamin.com\/wp-content\/uploads\/2025\/10\/Todd-Halfpenny-428x428.jpg 428w, http:\/\/frenchtouchdreamin.com\/wp-content\/uploads\/2025\/10\/Todd-Halfpenny-389x389.jpg 389w, http:\/\/frenchtouchdreamin.com\/wp-content\/uploads\/2025\/10\/Todd-Halfpenny.jpg 874w\" sizes=\"(max-width: 212px) 100vw, 212px\" \/>\t\t\t\t\t\t\t\t<\/span>\r\n\t\t\t\t\t\t\t\t<span class=\"name\"><span class=\"text-fit\">Todd Halfpenny<\/span><\/span>\r\n\t\t\t\t\t\t\t\t<span class=\"description\"><\/span>\r\n\t\t\t\t\t\t\t\t<span class=\"view\">\r\n\t\t\t\t\t\t\t\t\tView profiles <i class=\"icon-angle-right\"><\/i>\r\n\t\t\t\t\t\t\t\t<\/span>\r\n\t\t\t\t\t\t\t<\/a>\r\n\t\t\t\t\t\t<\/div>\r\n\t\t\t\t\t\t\t\t\t\t\t<div class=\"speaker\">\r\n\t\t\t\t\t\t\t<a class=\"speaker-inner\" href=\"http:\/\/frenchtouchdreamin.com\/index.php\/speakers\/akshata-sawant\/\">\r\n\t\t\t\t\t\t\t\t<span class=\"photo\">\r\n\t\t\t\t\t\t\t\t\t<img width=\"212\" height=\"212\" src=\"http:\/\/frenchtouchdreamin.com\/wp-content\/uploads\/2025\/10\/Akshata-Sawant-212x212.jpg\" class=\"attachment-tyler-speaker size-tyler-speaker wp-post-image\" alt=\"\" loading=\"lazy\" srcset=\"http:\/\/frenchtouchdreamin.com\/wp-content\/uploads\/2025\/10\/Akshata-Sawant-212x212.jpg 212w, http:\/\/frenchtouchdreamin.com\/wp-content\/uploads\/2025\/10\/Akshata-Sawant-300x300.jpg 300w, http:\/\/frenchtouchdreamin.com\/wp-content\/uploads\/2025\/10\/Akshata-Sawant-1024x1024.jpg 1024w, http:\/\/frenchtouchdreamin.com\/wp-content\/uploads\/2025\/10\/Akshata-Sawant-150x150.jpg 150w, http:\/\/frenchtouchdreamin.com\/wp-content\/uploads\/2025\/10\/Akshata-Sawant-768x768.jpg 768w, http:\/\/frenchtouchdreamin.com\/wp-content\/uploads\/2025\/10\/Akshata-Sawant-1536x1536.jpg 1536w, http:\/\/frenchtouchdreamin.com\/wp-content\/uploads\/2025\/10\/Akshata-Sawant-245x245.jpg 245w, http:\/\/frenchtouchdreamin.com\/wp-content\/uploads\/2025\/10\/Akshata-Sawant-236x236.jpg 236w, http:\/\/frenchtouchdreamin.com\/wp-content\/uploads\/2025\/10\/Akshata-Sawant-188x188.jpg 188w, http:\/\/frenchtouchdreamin.com\/wp-content\/uploads\/2025\/10\/Akshata-Sawant-428x428.jpg 428w, http:\/\/frenchtouchdreamin.com\/wp-content\/uploads\/2025\/10\/Akshata-Sawant-389x389.jpg 389w, http:\/\/frenchtouchdreamin.com\/wp-content\/uploads\/2025\/10\/Akshata-Sawant.jpg 1733w\" sizes=\"(max-width: 212px) 100vw, 212px\" \/>\t\t\t\t\t\t\t\t<\/span>\r\n\t\t\t\t\t\t\t\t<span class=\"name\"><span class=\"text-fit\">Akshata Sawant<\/span><\/span>\r\n\t\t\t\t\t\t\t\t<span class=\"description\"><\/span>\r\n\t\t\t\t\t\t\t\t<span class=\"view\">\r\n\t\t\t\t\t\t\t\t\tView profiles <i class=\"icon-angle-right\"><\/i>\r\n\t\t\t\t\t\t\t\t<\/span>\r\n\t\t\t\t\t\t\t<\/a>\r\n\t\t\t\t\t\t<\/div>\r\n\t\t\t\t\t\t\t\t\t\t\t<div class=\"speaker\">\r\n\t\t\t\t\t\t\t<a class=\"speaker-inner\" href=\"http:\/\/frenchtouchdreamin.com\/index.php\/speakers\/anibal-garcia-garcia\/\">\r\n\t\t\t\t\t\t\t\t<span class=\"photo\">\r\n\t\t\t\t\t\t\t\t\t<img width=\"212\" height=\"212\" src=\"http:\/\/frenchtouchdreamin.com\/wp-content\/uploads\/2025\/10\/Ani\u0301bal-Garci\u0301a-Garci\u0301a-212x212.jpg\" class=\"attachment-tyler-speaker size-tyler-speaker wp-post-image\" alt=\"\" loading=\"lazy\" srcset=\"http:\/\/frenchtouchdreamin.com\/wp-content\/uploads\/2025\/10\/Ani\u0301bal-Garci\u0301a-Garci\u0301a-212x212.jpg 212w, http:\/\/frenchtouchdreamin.com\/wp-content\/uploads\/2025\/10\/Ani\u0301bal-Garci\u0301a-Garci\u0301a-300x300.jpg 300w, http:\/\/frenchtouchdreamin.com\/wp-content\/uploads\/2025\/10\/Ani\u0301bal-Garci\u0301a-Garci\u0301a-1024x1024.jpg 1024w, http:\/\/frenchtouchdreamin.com\/wp-content\/uploads\/2025\/10\/Ani\u0301bal-Garci\u0301a-Garci\u0301a-150x150.jpg 150w, http:\/\/frenchtouchdreamin.com\/wp-content\/uploads\/2025\/10\/Ani\u0301bal-Garci\u0301a-Garci\u0301a-768x768.jpg 768w, http:\/\/frenchtouchdreamin.com\/wp-content\/uploads\/2025\/10\/Ani\u0301bal-Garci\u0301a-Garci\u0301a-1536x1536.jpg 1536w, http:\/\/frenchtouchdreamin.com\/wp-content\/uploads\/2025\/10\/Ani\u0301bal-Garci\u0301a-Garci\u0301a-2048x2048.jpg 2048w, http:\/\/frenchtouchdreamin.com\/wp-content\/uploads\/2025\/10\/Ani\u0301bal-Garci\u0301a-Garci\u0301a-245x245.jpg 245w, http:\/\/frenchtouchdreamin.com\/wp-content\/uploads\/2025\/10\/Ani\u0301bal-Garci\u0301a-Garci\u0301a-236x236.jpg 236w, http:\/\/frenchtouchdreamin.com\/wp-content\/uploads\/2025\/10\/Ani\u0301bal-Garci\u0301a-Garci\u0301a-188x188.jpg 188w, http:\/\/frenchtouchdreamin.com\/wp-content\/uploads\/2025\/10\/Ani\u0301bal-Garci\u0301a-Garci\u0301a-428x428.jpg 428w, http:\/\/frenchtouchdreamin.com\/wp-content\/uploads\/2025\/10\/Ani\u0301bal-Garci\u0301a-Garci\u0301a-389x389.jpg 389w\" sizes=\"(max-width: 212px) 100vw, 212px\" \/>\t\t\t\t\t\t\t\t<\/span>\r\n\t\t\t\t\t\t\t\t<span class=\"name\"><span class=\"text-fit\">An\u00edbal Garc\u00eda Garc\u00eda<\/span><\/span>\r\n\t\t\t\t\t\t\t\t<span class=\"description\"><\/span>\r\n\t\t\t\t\t\t\t\t<span class=\"view\">\r\n\t\t\t\t\t\t\t\t\tView profiles <i class=\"icon-angle-right\"><\/i>\r\n\t\t\t\t\t\t\t\t<\/span>\r\n\t\t\t\t\t\t\t<\/a>\r\n\t\t\t\t\t\t<\/div>\r\n\t\t\t\t\t\t\t\t\t<\/div>\r\n\t\t\t\t\t<\/div>\r\n\t<\/div>\r\n\t\t\t<div class=\"text-center visible-xs\">\r\n\t\t\t<a href=\"http:\/\/frenchtouchdreamin.com\/index.php\/speakers\/\" class=\"btn btn-primary btn-header\">SpeakersFTD24<\/a>\r\n\t\t<\/div>\r\n\t<\/div>\n    <\/div>\n<\/div>\n","protected":false},"excerpt":{"rendered":"<p>Check below our amazing speakers!<\/p>\n","protected":false},"author":11,"featured_media":0,"parent":0,"menu_order":0,"comment_status":"closed","ping_status":"closed","template":"","meta":[],"_links":{"self":[{"href":"http:\/\/frenchtouchdreamin.com\/index.php\/wp-json\/wp\/v2\/pages\/2229"}],"collection":[{"href":"http:\/\/frenchtouchdreamin.com\/index.php\/wp-json\/wp\/v2\/pages"}],"about":[{"href":"http:\/\/frenchtouchdreamin.com\/index.php\/wp-json\/wp\/v2\/types\/page"}],"author":[{"embeddable":true,"href":"http:\/\/frenchtouchdreamin.com\/index.php\/wp-json\/wp\/v2\/users\/11"}],"replies":[{"embeddable":true,"href":"http:\/\/frenchtouchdreamin.com\/index.php\/wp-json\/wp\/v2\/comments?post=2229"}],"version-history":[{"count":4,"href":"http:\/\/frenchtouchdreamin.com\/index.php\/wp-json\/wp\/v2\/pages\/2229\/revisions"}],"predecessor-version":[{"id":2234,"href":"http:\/\/frenchtouchdreamin.com\/index.php\/wp-json\/wp\/v2\/pages\/2229\/revisions\/2234"}],"wp:attachment":[{"href":"http:\/\/frenchtouchdreamin.com\/index.php\/wp-json\/wp\/v2\/media?parent=2229"}],"curies":[{"name":"wp","href":"https:\/\/api.w.org\/{rel}","templated":true}]}}