{"id":29,"date":"2016-06-16T01:05:44","date_gmt":"2016-06-16T00:05:44","guid":{"rendered":"http:\/\/frenchtouchdreamin.com\/?page_id=29"},"modified":"2025-11-06T11:46:27","modified_gmt":"2025-11-06T10:46:27","slug":"logistics","status":"publish","type":"page","link":"https:\/\/frenchtouchdreamin.com\/index.php\/logistics\/","title":{"rendered":"Venue"},"content":{"rendered":"<p>The 2025 edition will be held at Hyatt Regency Paris \u00c9toile.<\/p>\n<p>&nbsp;<\/p>\n<h3>&#x1f4cd; Location<\/h3>\n<p> 3 Pl. du G\u00e9n\u00e9ral K\u0153nig, 75017 Paris<\/p>\n<div class=\"mapouter\">\n<div class=\"gmap_canvas\">\n<p><iframe loading=\"lazy\" id=\"gmap_canvas\" src=\"https:\/\/maps.google.com\/maps?q=3 Pl. du G\u00e9n\u00e9ral K\u0153nig, 75017 Paris&amp;t=&amp;z=13&amp;ie=UTF8&amp;iwloc=&amp;output=embed\" width=\"500\" height=\"400\" frameborder=\"0\" marginwidth=\"0\" marginheight=\"0\" scrolling=\"no\"><\/iframe><a href=\"https:\/\/123movies-to.org\">123movies<\/a><\/p>\n<style>.mapouter{position:relative;text-align:right;height:400px;width:500px;}<\/style>\n<p><a href=\"https:\/\/www.embedgooglemap.net\">show google maps on website<\/a><\/p>\n<style>.gmap_canvas {overflow:hidden;background:none!important;height:400px;width:500px;}<\/style>\n<\/div>\n<\/div>\n<p>&nbsp;<\/p>\n<h3>&#x1f5fa;&#xfe0f; Access<\/h3>\n<p>Find below the different way to access the venue :<\/p>\n<h4>&#x24c2;&#xfe0f; By subway<\/h4>\n<p>Lines 1 \u2013 Stop \u201cPorte Maillot\u201d<br \/>\nRER C &#8211; Stop &#8220;Neuilly &#8211; Porte Maillot&#8221;<\/p>\n<h4>&#x1f68c; By bus<\/h4>\n<p>Lines 43, 73,82, PC1  &#8211; Stop &#8220;Porte Maillot &#8211; Palais des Congr\u00e8s&#8221;<\/p>\n<h4>&#x1f697; By car (parking)<\/h4>\n<p>Parkings &#8220;Indigo Neo&#8221;, &#8220;Palais des Congr\u00e8s&#8221;.<\/p>\n","protected":false},"excerpt":{"rendered":"<p>The 2025 edition will be held at Hyatt Regency Paris \u00c9toile. &nbsp; &#x1f4cd; Location 3 Pl. du G\u00e9n\u00e9ral K\u0153nig, 75017 Paris 123movies show google maps on website &nbsp; &#x1f5fa;&#xfe0f; Access Find below the different way to access the venue : &#x24c2;&#xfe0f; By subway Lines 1 \u2013 Stop \u201cPorte Maillot\u201d RER C &#8211; Stop &#8220;Neuilly &#8211; [&hellip;]<\/p>\n","protected":false},"author":1,"featured_media":0,"parent":0,"menu_order":0,"comment_status":"closed","ping_status":"closed","template":"","meta":[],"_links":{"self":[{"href":"https:\/\/frenchtouchdreamin.com\/index.php\/wp-json\/wp\/v2\/pages\/29"}],"collection":[{"href":"https:\/\/frenchtouchdreamin.com\/index.php\/wp-json\/wp\/v2\/pages"}],"about":[{"href":"https:\/\/frenchtouchdreamin.com\/index.php\/wp-json\/wp\/v2\/types\/page"}],"author":[{"embeddable":true,"href":"https:\/\/frenchtouchdreamin.com\/index.php\/wp-json\/wp\/v2\/users\/1"}],"replies":[{"embeddable":true,"href":"https:\/\/frenchtouchdreamin.com\/index.php\/wp-json\/wp\/v2\/comments?post=29"}],"version-history":[{"count":20,"href":"https:\/\/frenchtouchdreamin.com\/index.php\/wp-json\/wp\/v2\/pages\/29\/revisions"}],"predecessor-version":[{"id":2525,"href":"https:\/\/frenchtouchdreamin.com\/index.php\/wp-json\/wp\/v2\/pages\/29\/revisions\/2525"}],"wp:attachment":[{"href":"https:\/\/frenchtouchdreamin.com\/index.php\/wp-json\/wp\/v2\/media?parent=29"}],"curies":[{"name":"wp","href":"https:\/\/api.w.org\/{rel}","templated":true}]}}